{"id":598,"date":"2024-10-17T15:09:26","date_gmt":"2024-10-17T15:09:26","guid":{"rendered":"https:\/\/fnrstemplates.nl\/gallop-grow\/?page_id=598"},"modified":"2024-10-29T10:24:02","modified_gmt":"2024-10-29T10:24:02","slug":"volwassenlessen-vanaf-15-jaar","status":"publish","type":"page","link":"https:\/\/fnrstemplates.nl\/gallop-grow\/manegelessen\/volwassenlessen-vanaf-15-jaar\/","title":{"rendered":"Volwassenlessen vanaf 15 jaar"},"content":{"rendered":"\t\t<div data-elementor-type=\"wp-page\" data-elementor-id=\"598\" class=\"elementor elementor-598\" data-elementor-post-type=\"page\">\n\t\t\t\t<div class=\"elementor-element elementor-element-52df52c3 e-flex e-con-boxed e-con e-parent\" data-id=\"52df52c3\" data-element_type=\"container\" data-e-type=\"container\" data-settings=\"{&quot;background_background&quot;:&quot;classic&quot;}\">\n\t\t\t\t\t<div class=\"e-con-inner\">\n\t\t<div class=\"elementor-element elementor-element-55d99898 e-flex e-con-boxed elementor-invisible e-con e-child\" data-id=\"55d99898\" data-element_type=\"container\" data-e-type=\"container\" data-settings=\"{&quot;animation&quot;:&quot;fadeIn&quot;}\">\n\t\t\t\t\t<div class=\"e-con-inner\">\n\t\t\t\t\t<\/div>\n\t\t\t\t<\/div>\n\t\t\t\t\t<\/div>\n\t\t\t\t<\/div>\n\t\t<div class=\"elementor-element elementor-element-2d991c45 e-flex e-con-boxed elementor-invisible e-con e-parent\" data-id=\"2d991c45\" data-element_type=\"container\" data-e-type=\"container\" data-settings=\"{&quot;animation&quot;:&quot;fadeInUp&quot;,&quot;animation_mobile&quot;:&quot;none&quot;}\">\n\t\t\t\t\t<div class=\"e-con-inner\">\n\t\t<div class=\"elementor-element elementor-element-516dc381 e-con-full e-flex e-con e-child\" data-id=\"516dc381\" data-element_type=\"container\" data-e-type=\"container\" data-settings=\"{&quot;background_background&quot;:&quot;classic&quot;}\">\n\t\t\t\t<div class=\"elementor-element elementor-element-601303ea elementor-widget elementor-widget-heading\" data-id=\"601303ea\" data-element_type=\"widget\" data-e-type=\"widget\" data-widget_type=\"heading.default\">\n\t\t\t\t<div class=\"elementor-widget-container\">\n\t\t\t\t\t<h1 class=\"elementor-heading-title elementor-size-default\">Volwassenlessen vanaf 15 jaar<\/h1>\t\t\t\t<\/div>\n\t\t\t\t<\/div>\n\t\t\t\t<div class=\"elementor-element elementor-element-6e95da1a elementor-widget elementor-widget-text-editor\" data-id=\"6e95da1a\" data-element_type=\"widget\" data-e-type=\"widget\" data-widget_type=\"text-editor.default\">\n\t\t\t\t<div class=\"elementor-widget-container\">\n\t\t\t\t\t\t\t\t\t<p><a href=\"\/\">Home<\/a> \/ <a href=\"https:\/\/fnrstemplates.nl\/gallop-grow\/manegelessen\/\">Manegelessen<\/a> \/ <strong>Volwassenlessen vanaf 15 jaar<\/strong><\/p>\t\t\t\t\t\t\t\t<\/div>\n\t\t\t\t<\/div>\n\t\t\t\t<\/div>\n\t\t\t\t\t<\/div>\n\t\t\t\t<\/div>\n\t\t<div class=\"elementor-element elementor-element-6bb53619 e-flex e-con-boxed e-con e-parent\" data-id=\"6bb53619\" data-element_type=\"container\" data-e-type=\"container\">\n\t\t\t\t\t<div class=\"e-con-inner\">\n\t\t<div class=\"elementor-element elementor-element-62bc6b39 e-con-full e-flex e-con e-child\" data-id=\"62bc6b39\" data-element_type=\"container\" data-e-type=\"container\">\n\t\t\t\t<div class=\"elementor-element elementor-element-1b7eab6c elementor-widget elementor-widget-text-editor\" data-id=\"1b7eab6c\" data-element_type=\"widget\" data-e-type=\"widget\" data-widget_type=\"text-editor.default\">\n\t\t\t\t<div class=\"elementor-widget-container\">\n\t\t\t\t\t\t\t\t\t<p>We weten dat je met 15 jaar nog niet volwassen bent, maar hier trekken wij de grens, omdat er dan vaak wordt overgegaan op het rijden op een paard.<\/p>\t\t\t\t\t\t\t\t<\/div>\n\t\t\t\t<\/div>\n\t\t\t\t<div class=\"elementor-element elementor-element-1dc335e elementor-align-left elementor-widget elementor-widget-button\" data-id=\"1dc335e\" data-element_type=\"widget\" data-e-type=\"widget\" data-widget_type=\"button.default\">\n\t\t\t\t<div class=\"elementor-widget-container\">\n\t\t\t\t\t\t\t\t\t<div class=\"elementor-button-wrapper\">\n\t\t\t\t\t<a class=\"elementor-button elementor-button-link elementor-size-sm\" href=\"https:\/\/fnrstemplates.nl\/gallop-grow\/contact\/\">\n\t\t\t\t\t\t<span class=\"elementor-button-content-wrapper\">\n\t\t\t\t\t\t\t\t\t<span class=\"elementor-button-text\">Neem contact op voor een afspraak! \u2192<\/span>\n\t\t\t\t\t<\/span>\n\t\t\t\t\t<\/a>\n\t\t\t\t<\/div>\n\t\t\t\t\t\t\t\t<\/div>\n\t\t\t\t<\/div>\n\t\t\t\t<div class=\"elementor-element elementor-element-2df1613 elementor-widget elementor-widget-heading\" data-id=\"2df1613\" data-element_type=\"widget\" data-e-type=\"widget\" data-widget_type=\"heading.default\">\n\t\t\t\t<div class=\"elementor-widget-container\">\n\t\t\t\t\t<h2 class=\"elementor-heading-title elementor-size-default\">Priv\u00e9lessen voor volwassenen - beginners<\/h2>\t\t\t\t<\/div>\n\t\t\t\t<\/div>\n\t\t<div class=\"elementor-element elementor-element-5b62a21 e-con-full e-flex e-con e-child\" data-id=\"5b62a21\" data-element_type=\"container\" data-e-type=\"container\">\n\t\t<div class=\"elementor-element elementor-element-c3f9ec3 e-con-full e-flex e-con e-child\" data-id=\"c3f9ec3\" data-element_type=\"container\" data-e-type=\"container\">\n\t\t\t\t<div class=\"elementor-element elementor-element-295a5512 elementor-widget elementor-widget-text-editor\" data-id=\"295a5512\" data-element_type=\"widget\" data-e-type=\"widget\" data-widget_type=\"text-editor.default\">\n\t\t\t\t<div class=\"elementor-widget-container\">\n\t\t\t\t\t\t\t\t\t<p>Voor een eerste kennismaking met paardrijden bieden wij priv\u00e9lessen aan. Dit zijn \u00e9\u00e9n-op-\u00e9en lessen van een half uur waarbij het paard, in eerste instantie, door de instructeur wordt vastgehouden aan een lange lijn, de longeerlijn. Op deze manier hoeft de ruiter nog niet zelf te sturen waardoor de ruiter goed kan wennen aan de bewegingen van het paard. Tijdens deze lessen wordt vooral gewerkt aan de balans door middel van verschillende \u2018gymnastiekoefeningen\u2019.<\/p><p>We gebruiken hiervoor natuurlijk onze meest betrouwbare paarden van stal. Verder worden ook de verschillende hulpen uitgelegd en wordt voor of na de les aandacht besteed aan verzorging, omgang en het op- en afzadelen. Deze lessen zijn ook heel geschikt voor wie het paardrijden na lange tijd weer wil oppakken. Aan de longelijn heb je het gevoel snel weer te pakken en kun je vaak na een paar van deze lessen met een goede voorbereiding de groepsles in.<\/p><p>De meeste mensen die beginnen met paardrijden hebben zo&#8217;n 10 tot 15 priv\u00e9lessen nodig om door te kunnen stromen naar de groepslessen. Dit gaat natuurlijk altijd in overleg.<\/p><p>Wij hanteren een maximaal gewicht van 90 kg voor de ruiters, dit in verband met het welzijn van onze paarden.<\/p>\t\t\t\t\t\t\t\t<\/div>\n\t\t\t\t<\/div>\n\t\t\t\t<\/div>\n\t\t<div class=\"elementor-element elementor-element-b8aeb33 e-con-full e-flex e-con e-child\" data-id=\"b8aeb33\" data-element_type=\"container\" data-e-type=\"container\">\n\t\t\t\t<div class=\"elementor-element elementor-element-6bed051 elementor-widget elementor-widget-image\" data-id=\"6bed051\" data-element_type=\"widget\" data-e-type=\"widget\" data-widget_type=\"image.default\">\n\t\t\t\t<div class=\"elementor-widget-container\">\n\t\t\t\t\t\t\t\t\t\t\t\t\t\t\t<img fetchpriority=\"high\" decoding=\"async\" width=\"800\" height=\"534\" src=\"https:\/\/fnrstemplates.nl\/gallop-grow\/wp-content\/uploads\/sites\/4\/2024\/10\/Volwassenles_2-1024x683.jpg\" class=\"attachment-large size-large wp-image-959\" alt=\"\" srcset=\"https:\/\/fnrstemplates.nl\/gallop-grow\/wp-content\/uploads\/sites\/4\/2024\/10\/Volwassenles_2-1024x683.jpg 1024w, https:\/\/fnrstemplates.nl\/gallop-grow\/wp-content\/uploads\/sites\/4\/2024\/10\/Volwassenles_2-300x200.jpg 300w, https:\/\/fnrstemplates.nl\/gallop-grow\/wp-content\/uploads\/sites\/4\/2024\/10\/Volwassenles_2-768x512.jpg 768w, https:\/\/fnrstemplates.nl\/gallop-grow\/wp-content\/uploads\/sites\/4\/2024\/10\/Volwassenles_2.jpg 1200w\" sizes=\"(max-width: 800px) 100vw, 800px\" \/>\t\t\t\t\t\t\t\t\t\t\t\t\t\t\t<\/div>\n\t\t\t\t<\/div>\n\t\t\t\t<\/div>\n\t\t\t\t<\/div>\n\t\t\t\t<div class=\"elementor-element elementor-element-bb22761 elementor-widget elementor-widget-heading\" data-id=\"bb22761\" data-element_type=\"widget\" data-e-type=\"widget\" data-widget_type=\"heading.default\">\n\t\t\t\t<div class=\"elementor-widget-container\">\n\t\t\t\t\t<h2 class=\"elementor-heading-title elementor-size-default\">Groepslessen voor volwassenen<\/h2>\t\t\t\t<\/div>\n\t\t\t\t<\/div>\n\t\t<div class=\"elementor-element elementor-element-4b694d0 e-con-full e-flex e-con e-child\" data-id=\"4b694d0\" data-element_type=\"container\" data-e-type=\"container\">\n\t\t<div class=\"elementor-element elementor-element-8c6685b e-con-full e-flex e-con e-child\" data-id=\"8c6685b\" data-element_type=\"container\" data-e-type=\"container\">\n\t\t\t\t<div class=\"elementor-element elementor-element-540e5f6 elementor-widget elementor-widget-text-editor\" data-id=\"540e5f6\" data-element_type=\"widget\" data-e-type=\"widget\" data-widget_type=\"text-editor.default\">\n\t\t\t\t<div class=\"elementor-widget-container\">\n\t\t\t\t\t\t\t\t\t<p>Van maandag t\/m donderdag worden groepslessen voor volwassenen gegeven. We delen deze lessen in naar niveau en leeftijd, wat leidt tot een gezellige sfeer binnen de lesgroepen.<\/p><p>Poetsen en opzadelen doet iedereen zelf, vaak met de hulp van andere lesgenoten. De lessen worden gegeven door gediplomeerde instructeurs die afwisselend lesgeven in de verschillende disciplines van de paardensport.<\/p><p>Ook wordt tijdens de lessen extra aandacht besteed aan de diverse activiteiten die we organiseren, zoals FNRS-dressuurwedstrijden, het CBR of carrouselwedstrijden. In de zomer rijden we met de lesgroepen zo veel mogelijk in de buitenbak.<\/p>\t\t\t\t\t\t\t\t<\/div>\n\t\t\t\t<\/div>\n\t\t\t\t<\/div>\n\t\t<div class=\"elementor-element elementor-element-c032eb9 e-con-full e-flex e-con e-child\" data-id=\"c032eb9\" data-element_type=\"container\" data-e-type=\"container\">\n\t\t\t\t<div class=\"elementor-element elementor-element-52c3a9c elementor-widget elementor-widget-image\" data-id=\"52c3a9c\" data-element_type=\"widget\" data-e-type=\"widget\" data-widget_type=\"image.default\">\n\t\t\t\t<div class=\"elementor-widget-container\">\n\t\t\t\t\t\t\t\t\t\t\t\t\t\t\t<img decoding=\"async\" width=\"800\" height=\"534\" src=\"https:\/\/fnrstemplates.nl\/gallop-grow\/wp-content\/uploads\/sites\/4\/2024\/10\/Volwassenles_1-1024x683.jpg\" class=\"attachment-large size-large wp-image-1132\" alt=\"\" srcset=\"https:\/\/fnrstemplates.nl\/gallop-grow\/wp-content\/uploads\/sites\/4\/2024\/10\/Volwassenles_1-1024x683.jpg 1024w, https:\/\/fnrstemplates.nl\/gallop-grow\/wp-content\/uploads\/sites\/4\/2024\/10\/Volwassenles_1-300x200.jpg 300w, https:\/\/fnrstemplates.nl\/gallop-grow\/wp-content\/uploads\/sites\/4\/2024\/10\/Volwassenles_1-768x512.jpg 768w, https:\/\/fnrstemplates.nl\/gallop-grow\/wp-content\/uploads\/sites\/4\/2024\/10\/Volwassenles_1.jpg 1200w\" sizes=\"(max-width: 800px) 100vw, 800px\" \/>\t\t\t\t\t\t\t\t\t\t\t\t\t\t\t<\/div>\n\t\t\t\t<\/div>\n\t\t\t\t<\/div>\n\t\t\t\t<\/div>\n\t\t\t\t<div class=\"elementor-element elementor-element-41f9a03 elementor-align-left elementor-widget elementor-widget-button\" data-id=\"41f9a03\" data-element_type=\"widget\" data-e-type=\"widget\" data-widget_type=\"button.default\">\n\t\t\t\t<div class=\"elementor-widget-container\">\n\t\t\t\t\t\t\t\t\t<div class=\"elementor-button-wrapper\">\n\t\t\t\t\t<a class=\"elementor-button elementor-button-link elementor-size-sm\" href=\"https:\/\/fnrstemplates.nl\/gallop-grow\/contact\/\">\n\t\t\t\t\t\t<span class=\"elementor-button-content-wrapper\">\n\t\t\t\t\t\t\t\t\t<span class=\"elementor-button-text\">Neem contact op voor een afspraak! \u2192<\/span>\n\t\t\t\t\t<\/span>\n\t\t\t\t\t<\/a>\n\t\t\t\t<\/div>\n\t\t\t\t\t\t\t\t<\/div>\n\t\t\t\t<\/div>\n\t\t\t\t<\/div>\n\t\t\t\t\t<\/div>\n\t\t\t\t<\/div>\n\t\t\t\t<\/div>\n\t\t","protected":false},"excerpt":{"rendered":"<p>Volwassenlessen vanaf 15 jaar Home \/ Manegelessen \/ Volwassenlessen vanaf 15 jaar We weten dat je met 15 jaar nog niet volwassen bent, maar hier trekken wij de grens, omdat er dan vaak wordt overgegaan op het rijden op een paard. Neem contact op voor een afspraak! \u2192 Priv\u00e9lessen voor volwassenen &#8211; beginners Voor een [&hellip;]<\/p>\n","protected":false},"author":1,"featured_media":0,"parent":115,"menu_order":0,"comment_status":"closed","ping_status":"closed","template":"elementor_header_footer","meta":{"footnotes":""},"class_list":["post-598","page","type-page","status-publish","hentry"],"_links":{"self":[{"href":"https:\/\/fnrstemplates.nl\/gallop-grow\/wp-json\/wp\/v2\/pages\/598","targetHints":{"allow":["GET"]}}],"collection":[{"href":"https:\/\/fnrstemplates.nl\/gallop-grow\/wp-json\/wp\/v2\/pages"}],"about":[{"href":"https:\/\/fnrstemplates.nl\/gallop-grow\/wp-json\/wp\/v2\/types\/page"}],"author":[{"embeddable":true,"href":"https:\/\/fnrstemplates.nl\/gallop-grow\/wp-json\/wp\/v2\/users\/1"}],"replies":[{"embeddable":true,"href":"https:\/\/fnrstemplates.nl\/gallop-grow\/wp-json\/wp\/v2\/comments?post=598"}],"version-history":[{"count":25,"href":"https:\/\/fnrstemplates.nl\/gallop-grow\/wp-json\/wp\/v2\/pages\/598\/revisions"}],"predecessor-version":[{"id":1177,"href":"https:\/\/fnrstemplates.nl\/gallop-grow\/wp-json\/wp\/v2\/pages\/598\/revisions\/1177"}],"up":[{"embeddable":true,"href":"https:\/\/fnrstemplates.nl\/gallop-grow\/wp-json\/wp\/v2\/pages\/115"}],"wp:attachment":[{"href":"https:\/\/fnrstemplates.nl\/gallop-grow\/wp-json\/wp\/v2\/media?parent=598"}],"curies":[{"name":"wp","href":"https:\/\/api.w.org\/{rel}","templated":true}]}}