{"id":477,"date":"2024-10-17T15:09:28","date_gmt":"2024-10-17T15:09:28","guid":{"rendered":"https:\/\/fnrstemplates.nl\/equestrian-elegance\/?page_id=477"},"modified":"2024-10-28T19:32:54","modified_gmt":"2024-10-28T19:32:54","slug":"volwassenlessen-vanaf-15-jaar","status":"publish","type":"page","link":"https:\/\/fnrstemplates.nl\/equestrian-elegance\/manegelessen\/volwassenlessen-vanaf-15-jaar\/","title":{"rendered":"Volwassenlessen vanaf 15 jaar"},"content":{"rendered":"\t\t<div data-elementor-type=\"wp-page\" data-elementor-id=\"477\" class=\"elementor elementor-477\" data-elementor-post-type=\"page\">\n\t\t\t\t<div class=\"elementor-element elementor-element-7adb8754 e-flex e-con-boxed elementor-invisible e-con e-parent\" data-id=\"7adb8754\" data-element_type=\"container\" data-e-type=\"container\" data-settings=\"{&quot;animation&quot;:&quot;fadeIn&quot;}\">\n\t\t\t\t\t<div class=\"e-con-inner\">\n\t\t<div class=\"elementor-element elementor-element-413066b1 e-con-full e-flex e-con e-child\" data-id=\"413066b1\" data-element_type=\"container\" data-e-type=\"container\" data-settings=\"{&quot;background_background&quot;:&quot;classic&quot;}\">\n\t\t<div class=\"elementor-element elementor-element-12850712 e-con-full e-flex e-con e-child\" data-id=\"12850712\" data-element_type=\"container\" data-e-type=\"container\" data-settings=\"{&quot;background_background&quot;:&quot;classic&quot;}\">\n\t\t\t\t<div class=\"elementor-element elementor-element-39d54a73 elementor-widget elementor-widget-heading\" data-id=\"39d54a73\" data-element_type=\"widget\" data-e-type=\"widget\" data-widget_type=\"heading.default\">\n\t\t\t\t<div class=\"elementor-widget-container\">\n\t\t\t\t\t<h1 class=\"elementor-heading-title elementor-size-default\">Volwassenlessen vanaf 15 jaar<\/h1>\t\t\t\t<\/div>\n\t\t\t\t<\/div>\n\t\t\t\t<\/div>\n\t\t\t\t<\/div>\n\t\t\t\t\t<\/div>\n\t\t\t\t<\/div>\n\t\t<div class=\"elementor-element elementor-element-39e7c0d4 e-flex e-con-boxed e-con e-parent\" data-id=\"39e7c0d4\" data-element_type=\"container\" data-e-type=\"container\">\n\t\t\t\t\t<div class=\"e-con-inner\">\n\t\t<div class=\"elementor-element elementor-element-71c877ac e-con-full e-flex e-con e-child\" data-id=\"71c877ac\" data-element_type=\"container\" data-e-type=\"container\">\n\t\t\t\t<div class=\"elementor-element elementor-element-3680fa4a elementor-widget elementor-widget-text-editor\" data-id=\"3680fa4a\" data-element_type=\"widget\" data-e-type=\"widget\" data-widget_type=\"text-editor.default\">\n\t\t\t\t<div class=\"elementor-widget-container\">\n\t\t\t\t\t\t\t\t\t<p><a href=\"\/\">Home<\/a> | <a href=\"https:\/\/fnrstemplates.nl\/equestrian-elegance\/manegelessen\/\">Manegelessen<\/a> | <strong>Volwassenlessen vanaf 15 jaar<\/strong><\/p>\t\t\t\t\t\t\t\t<\/div>\n\t\t\t\t<\/div>\n\t\t\t\t<div class=\"elementor-element elementor-element-1737c42f elementor-widget elementor-widget-text-editor\" data-id=\"1737c42f\" data-element_type=\"widget\" data-e-type=\"widget\" data-widget_type=\"text-editor.default\">\n\t\t\t\t<div class=\"elementor-widget-container\">\n\t\t\t\t\t\t\t\t\t<p>We weten dat je met 15 jaar nog niet volwassen bent, maar hier trekken wij de grens, omdat er dan vaak wordt overgegaan op het rijden op een paard.<\/p>\t\t\t\t\t\t\t\t<\/div>\n\t\t\t\t<\/div>\n\t\t\t\t<div class=\"elementor-element elementor-element-03d6845 elementor-widget elementor-widget-button\" data-id=\"03d6845\" data-element_type=\"widget\" data-e-type=\"widget\" data-widget_type=\"button.default\">\n\t\t\t\t<div class=\"elementor-widget-container\">\n\t\t\t\t\t\t\t\t\t<div class=\"elementor-button-wrapper\">\n\t\t\t\t\t<a class=\"elementor-button elementor-button-link elementor-size-sm\" href=\"https:\/\/fnrstemplates.nl\/equestrian-elegance\/contact\/\">\n\t\t\t\t\t\t<span class=\"elementor-button-content-wrapper\">\n\t\t\t\t\t\t\t\t\t<span class=\"elementor-button-text\">Neem contact op voor een afspraak! \u2192<\/span>\n\t\t\t\t\t<\/span>\n\t\t\t\t\t<\/a>\n\t\t\t\t<\/div>\n\t\t\t\t\t\t\t\t<\/div>\n\t\t\t\t<\/div>\n\t\t\t\t<div class=\"elementor-element elementor-element-45c5c80c elementor-widget elementor-widget-heading\" data-id=\"45c5c80c\" data-element_type=\"widget\" data-e-type=\"widget\" data-widget_type=\"heading.default\">\n\t\t\t\t<div class=\"elementor-widget-container\">\n\t\t\t\t\t<h2 class=\"elementor-heading-title elementor-size-default\">Priv\u00e9lessen voor volwassenen - beginners<\/h2>\t\t\t\t<\/div>\n\t\t\t\t<\/div>\n\t\t<div class=\"elementor-element elementor-element-dbfb1a4 e-con-full e-flex e-con e-child\" data-id=\"dbfb1a4\" data-element_type=\"container\" data-e-type=\"container\">\n\t\t<div class=\"elementor-element elementor-element-dcab52c e-con-full e-flex e-con e-child\" data-id=\"dcab52c\" data-element_type=\"container\" data-e-type=\"container\">\n\t\t\t\t<div class=\"elementor-element elementor-element-6c55989e elementor-widget elementor-widget-text-editor\" data-id=\"6c55989e\" data-element_type=\"widget\" data-e-type=\"widget\" data-widget_type=\"text-editor.default\">\n\t\t\t\t<div class=\"elementor-widget-container\">\n\t\t\t\t\t\t\t\t\t<p>Voor een eerste kennismaking met paardrijden bieden wij priv\u00e9lessen aan. Dit zijn \u00e9\u00e9n-op-\u00e9en lessen van een half uur waarbij het paard, in eerste instantie, door de instructeur wordt vastgehouden aan een lange lijn, de longeerlijn. Op deze manier hoeft de ruiter nog niet zelf te sturen waardoor de ruiter goed kan wennen aan de bewegingen van het paard. Tijdens deze lessen wordt vooral gewerkt aan de balans door middel van verschillende \u2018gymnastiekoefeningen\u2019.<\/p><p>We gebruiken hiervoor natuurlijk onze meest betrouwbare paarden van stal. Verder worden ook de verschillende hulpen uitgelegd en wordt voor of na de les aandacht besteed aan verzorging, omgang en het op- en afzadelen. Deze lessen zijn ook heel geschikt voor wie het paardrijden na lange tijd weer wil oppakken. Aan de longelijn heb je het gevoel snel weer te pakken en kun je vaak na een paar van deze lessen met een goede voorbereiding de groepsles in.<\/p><p>De meeste mensen die beginnen met paardrijden hebben zo&#8217;n 10 tot 15 priv\u00e9lessen nodig om door te kunnen stromen naar de groepslessen. Dit gaat natuurlijk altijd in overleg.<\/p><p>Wij hanteren een maximaal gewicht van 90 kg voor de ruiters, dit in verband met het welzijn van onze paarden.<\/p>\t\t\t\t\t\t\t\t<\/div>\n\t\t\t\t<\/div>\n\t\t\t\t<\/div>\n\t\t<div class=\"elementor-element elementor-element-1c94e3d e-con-full e-flex e-con e-child\" data-id=\"1c94e3d\" data-element_type=\"container\" data-e-type=\"container\">\n\t\t\t\t<div class=\"elementor-element elementor-element-6796d75 elementor-widget elementor-widget-image\" data-id=\"6796d75\" data-element_type=\"widget\" data-e-type=\"widget\" data-widget_type=\"image.default\">\n\t\t\t\t<div class=\"elementor-widget-container\">\n\t\t\t\t\t\t\t\t\t\t\t\t\t\t\t<img fetchpriority=\"high\" decoding=\"async\" width=\"800\" height=\"534\" src=\"https:\/\/fnrstemplates.nl\/equestrian-elegance\/wp-content\/uploads\/sites\/2\/2024\/10\/Volwassenles_2-1024x683.jpg\" class=\"attachment-large size-large wp-image-824\" alt=\"\" srcset=\"https:\/\/fnrstemplates.nl\/equestrian-elegance\/wp-content\/uploads\/sites\/2\/2024\/10\/Volwassenles_2-1024x683.jpg 1024w, https:\/\/fnrstemplates.nl\/equestrian-elegance\/wp-content\/uploads\/sites\/2\/2024\/10\/Volwassenles_2-300x200.jpg 300w, https:\/\/fnrstemplates.nl\/equestrian-elegance\/wp-content\/uploads\/sites\/2\/2024\/10\/Volwassenles_2-768x512.jpg 768w, https:\/\/fnrstemplates.nl\/equestrian-elegance\/wp-content\/uploads\/sites\/2\/2024\/10\/Volwassenles_2.jpg 1200w\" sizes=\"(max-width: 800px) 100vw, 800px\" \/>\t\t\t\t\t\t\t\t\t\t\t\t\t\t\t<\/div>\n\t\t\t\t<\/div>\n\t\t\t\t<\/div>\n\t\t\t\t<\/div>\n\t\t\t\t<div class=\"elementor-element elementor-element-701fe96 elementor-widget elementor-widget-heading\" data-id=\"701fe96\" data-element_type=\"widget\" data-e-type=\"widget\" data-widget_type=\"heading.default\">\n\t\t\t\t<div class=\"elementor-widget-container\">\n\t\t\t\t\t<h2 class=\"elementor-heading-title elementor-size-default\">Groepslessen voor volwassenen<\/h2>\t\t\t\t<\/div>\n\t\t\t\t<\/div>\n\t\t<div class=\"elementor-element elementor-element-a03d1f3 e-con-full e-flex e-con e-child\" data-id=\"a03d1f3\" data-element_type=\"container\" data-e-type=\"container\">\n\t\t<div class=\"elementor-element elementor-element-6169ab3 e-con-full e-flex e-con e-child\" data-id=\"6169ab3\" data-element_type=\"container\" data-e-type=\"container\">\n\t\t\t\t<div class=\"elementor-element elementor-element-ee71e3e elementor-widget elementor-widget-text-editor\" data-id=\"ee71e3e\" data-element_type=\"widget\" data-e-type=\"widget\" data-widget_type=\"text-editor.default\">\n\t\t\t\t<div class=\"elementor-widget-container\">\n\t\t\t\t\t\t\t\t\t<p>Van maandag t\/m donderdag worden groepslessen voor volwassenen gegeven. We delen deze lessen in naar niveau en leeftijd, wat leidt tot een gezellige sfeer binnen de lesgroepen.<\/p><p>Poetsen en opzadelen doet iedereen zelf, vaak met de hulp van andere lesgenoten. De lessen worden gegeven door gediplomeerde instructeurs die afwisselend lesgeven in de verschillende disciplines van de paardensport.<\/p><p>Ook wordt tijdens de lessen extra aandacht besteed aan de diverse activiteiten die we organiseren, zoals FNRS-dressuurwedstrijden, het CBR of carrouselwedstrijden. In de zomer rijden we met de lesgroepen zo veel mogelijk in de buitenbak.<\/p>\t\t\t\t\t\t\t\t<\/div>\n\t\t\t\t<\/div>\n\t\t\t\t<\/div>\n\t\t<div class=\"elementor-element elementor-element-281f739 e-con-full e-flex e-con e-child\" data-id=\"281f739\" data-element_type=\"container\" data-e-type=\"container\">\n\t\t\t\t<div class=\"elementor-element elementor-element-5ddb8e6 elementor-widget elementor-widget-image\" data-id=\"5ddb8e6\" data-element_type=\"widget\" data-e-type=\"widget\" data-widget_type=\"image.default\">\n\t\t\t\t<div class=\"elementor-widget-container\">\n\t\t\t\t\t\t\t\t\t\t\t\t\t\t\t<img decoding=\"async\" width=\"800\" height=\"534\" src=\"https:\/\/fnrstemplates.nl\/equestrian-elegance\/wp-content\/uploads\/sites\/2\/2024\/10\/Volwassenles_1-1024x683.jpg\" class=\"attachment-large size-large wp-image-823\" alt=\"\" srcset=\"https:\/\/fnrstemplates.nl\/equestrian-elegance\/wp-content\/uploads\/sites\/2\/2024\/10\/Volwassenles_1-1024x683.jpg 1024w, https:\/\/fnrstemplates.nl\/equestrian-elegance\/wp-content\/uploads\/sites\/2\/2024\/10\/Volwassenles_1-300x200.jpg 300w, https:\/\/fnrstemplates.nl\/equestrian-elegance\/wp-content\/uploads\/sites\/2\/2024\/10\/Volwassenles_1-768x512.jpg 768w, https:\/\/fnrstemplates.nl\/equestrian-elegance\/wp-content\/uploads\/sites\/2\/2024\/10\/Volwassenles_1.jpg 1200w\" sizes=\"(max-width: 800px) 100vw, 800px\" \/>\t\t\t\t\t\t\t\t\t\t\t\t\t\t\t<\/div>\n\t\t\t\t<\/div>\n\t\t\t\t<\/div>\n\t\t\t\t<\/div>\n\t\t\t\t<div class=\"elementor-element elementor-element-8ddb88d elementor-widget elementor-widget-button\" data-id=\"8ddb88d\" data-element_type=\"widget\" data-e-type=\"widget\" data-widget_type=\"button.default\">\n\t\t\t\t<div class=\"elementor-widget-container\">\n\t\t\t\t\t\t\t\t\t<div class=\"elementor-button-wrapper\">\n\t\t\t\t\t<a class=\"elementor-button elementor-button-link elementor-size-sm\" href=\"https:\/\/fnrstemplates.nl\/equestrian-elegance\/contact\/\">\n\t\t\t\t\t\t<span class=\"elementor-button-content-wrapper\">\n\t\t\t\t\t\t\t\t\t<span class=\"elementor-button-text\">Neem contact op voor een afspraak! \u2192<\/span>\n\t\t\t\t\t<\/span>\n\t\t\t\t\t<\/a>\n\t\t\t\t<\/div>\n\t\t\t\t\t\t\t\t<\/div>\n\t\t\t\t<\/div>\n\t\t\t\t<\/div>\n\t\t\t\t\t<\/div>\n\t\t\t\t<\/div>\n\t\t\t\t<\/div>\n\t\t","protected":false},"excerpt":{"rendered":"<p>Volwassenlessen vanaf 15 jaar Home | Manegelessen | Volwassenlessen vanaf 15 jaar We weten dat je met 15 jaar nog niet volwassen bent, maar hier trekken wij de grens, omdat er dan vaak wordt overgegaan op het rijden op een paard. Neem contact op voor een afspraak! \u2192 Priv\u00e9lessen voor volwassenen &#8211; beginners Voor een [&hellip;]<\/p>\n","protected":false},"author":1,"featured_media":0,"parent":97,"menu_order":0,"comment_status":"closed","ping_status":"closed","template":"elementor_header_footer","meta":{"footnotes":""},"class_list":["post-477","page","type-page","status-publish","hentry"],"_links":{"self":[{"href":"https:\/\/fnrstemplates.nl\/equestrian-elegance\/wp-json\/wp\/v2\/pages\/477","targetHints":{"allow":["GET"]}}],"collection":[{"href":"https:\/\/fnrstemplates.nl\/equestrian-elegance\/wp-json\/wp\/v2\/pages"}],"about":[{"href":"https:\/\/fnrstemplates.nl\/equestrian-elegance\/wp-json\/wp\/v2\/types\/page"}],"author":[{"embeddable":true,"href":"https:\/\/fnrstemplates.nl\/equestrian-elegance\/wp-json\/wp\/v2\/users\/1"}],"replies":[{"embeddable":true,"href":"https:\/\/fnrstemplates.nl\/equestrian-elegance\/wp-json\/wp\/v2\/comments?post=477"}],"version-history":[{"count":22,"href":"https:\/\/fnrstemplates.nl\/equestrian-elegance\/wp-json\/wp\/v2\/pages\/477\/revisions"}],"predecessor-version":[{"id":984,"href":"https:\/\/fnrstemplates.nl\/equestrian-elegance\/wp-json\/wp\/v2\/pages\/477\/revisions\/984"}],"up":[{"embeddable":true,"href":"https:\/\/fnrstemplates.nl\/equestrian-elegance\/wp-json\/wp\/v2\/pages\/97"}],"wp:attachment":[{"href":"https:\/\/fnrstemplates.nl\/equestrian-elegance\/wp-json\/wp\/v2\/media?parent=477"}],"curies":[{"name":"wp","href":"https:\/\/api.w.org\/{rel}","templated":true}]}}