{"id":537,"date":"2024-10-17T15:09:24","date_gmt":"2024-10-17T15:09:24","guid":{"rendered":"https:\/\/fnrstemplates.nl\/chique-hippique\/?page_id=537"},"modified":"2024-10-28T19:45:33","modified_gmt":"2024-10-28T19:45:33","slug":"volwassenlessen-vanaf-15-jaar","status":"publish","type":"page","link":"https:\/\/fnrstemplates.nl\/chique-hippique\/manegelessen\/volwassenlessen-vanaf-15-jaar\/","title":{"rendered":"Volwassenlessen vanaf 15 jaar"},"content":{"rendered":"\t\t<div data-elementor-type=\"wp-page\" data-elementor-id=\"537\" class=\"elementor elementor-537\" data-elementor-post-type=\"page\">\n\t\t\t\t<div class=\"elementor-element elementor-element-66b1051b e-flex e-con-boxed e-con e-parent\" data-id=\"66b1051b\" data-element_type=\"container\" data-e-type=\"container\" data-settings=\"{&quot;background_background&quot;:&quot;classic&quot;}\">\n\t\t\t\t\t<div class=\"e-con-inner\">\n\t\t\t\t<div class=\"elementor-element elementor-element-6d78c425 elementor-widget elementor-widget-heading\" data-id=\"6d78c425\" data-element_type=\"widget\" data-e-type=\"widget\" data-widget_type=\"heading.default\">\n\t\t\t\t<div class=\"elementor-widget-container\">\n\t\t\t\t\t<h1 class=\"elementor-heading-title elementor-size-default\">Volwassenlessen vanaf 15 jaar<\/h1>\t\t\t\t<\/div>\n\t\t\t\t<\/div>\n\t\t\t\t\t<\/div>\n\t\t\t\t<\/div>\n\t\t<div class=\"elementor-element elementor-element-38f45b1e e-flex e-con-boxed e-con e-parent\" data-id=\"38f45b1e\" data-element_type=\"container\" data-e-type=\"container\" data-settings=\"{&quot;background_background&quot;:&quot;classic&quot;}\">\n\t\t\t\t\t<div class=\"e-con-inner\">\n\t\t\t\t<div class=\"elementor-element elementor-element-2b87e6c4 elementor-widget elementor-widget-text-editor\" data-id=\"2b87e6c4\" data-element_type=\"widget\" data-e-type=\"widget\" data-widget_type=\"text-editor.default\">\n\t\t\t\t<div class=\"elementor-widget-container\">\n\t\t\t\t\t\t\t\t\t<p><a href=\"\/\">Home<\/a> &gt; <a href=\"https:\/\/fnrstemplates.nl\/chique-hippique\/manegelessen\/\">Manegelessen<\/a> &gt; <strong>Volwassenlessen vanaf 15 jaar<\/strong><\/p>\t\t\t\t\t\t\t\t<\/div>\n\t\t\t\t<\/div>\n\t\t\t\t\t<\/div>\n\t\t\t\t<\/div>\n\t\t<div class=\"elementor-element elementor-element-42698dee e-flex e-con-boxed e-con e-parent\" data-id=\"42698dee\" data-element_type=\"container\" data-e-type=\"container\">\n\t\t\t\t\t<div class=\"e-con-inner\">\n\t\t<div class=\"elementor-element elementor-element-57df22a8 e-con-full e-flex e-con e-child\" data-id=\"57df22a8\" data-element_type=\"container\" data-e-type=\"container\">\n\t\t\t\t<div class=\"elementor-element elementor-element-4e2644f2 elementor-widget elementor-widget-text-editor\" data-id=\"4e2644f2\" data-element_type=\"widget\" data-e-type=\"widget\" data-widget_type=\"text-editor.default\">\n\t\t\t\t<div class=\"elementor-widget-container\">\n\t\t\t\t\t\t\t\t\t<p>We weten dat je met 15 jaar nog niet volwassen bent, maar hier trekken wij de grens, omdat er dan vaak wordt overgegaan op het rijden op een paard.<\/p>\t\t\t\t\t\t\t\t<\/div>\n\t\t\t\t<\/div>\n\t\t\t\t<div class=\"elementor-element elementor-element-6712b91 elementor-align-left elementor-widget elementor-widget-button\" data-id=\"6712b91\" data-element_type=\"widget\" data-e-type=\"widget\" data-widget_type=\"button.default\">\n\t\t\t\t<div class=\"elementor-widget-container\">\n\t\t\t\t\t\t\t\t\t<div class=\"elementor-button-wrapper\">\n\t\t\t\t\t<a class=\"elementor-button elementor-button-link elementor-size-sm\" href=\"https:\/\/fnrstemplates.nl\/chique-hippique\/contact\/\">\n\t\t\t\t\t\t<span class=\"elementor-button-content-wrapper\">\n\t\t\t\t\t\t\t\t\t<span class=\"elementor-button-text\">Neem contact op voor een afspraak! \u2192<\/span>\n\t\t\t\t\t<\/span>\n\t\t\t\t\t<\/a>\n\t\t\t\t<\/div>\n\t\t\t\t\t\t\t\t<\/div>\n\t\t\t\t<\/div>\n\t\t\t\t<div class=\"elementor-element elementor-element-5ff2db5 elementor-widget elementor-widget-heading\" data-id=\"5ff2db5\" data-element_type=\"widget\" data-e-type=\"widget\" data-widget_type=\"heading.default\">\n\t\t\t\t<div class=\"elementor-widget-container\">\n\t\t\t\t\t<h2 class=\"elementor-heading-title elementor-size-default\">Priv\u00e9lessen voor volwassenen - beginners<\/h2>\t\t\t\t<\/div>\n\t\t\t\t<\/div>\n\t\t<div class=\"elementor-element elementor-element-6bcccc8 e-con-full e-flex e-con e-child\" data-id=\"6bcccc8\" data-element_type=\"container\" data-e-type=\"container\">\n\t\t<div class=\"elementor-element elementor-element-38dfc8e e-con-full e-flex e-con e-child\" data-id=\"38dfc8e\" data-element_type=\"container\" data-e-type=\"container\">\n\t\t\t\t<div class=\"elementor-element elementor-element-2b41efc7 elementor-widget elementor-widget-text-editor\" data-id=\"2b41efc7\" data-element_type=\"widget\" data-e-type=\"widget\" data-widget_type=\"text-editor.default\">\n\t\t\t\t<div class=\"elementor-widget-container\">\n\t\t\t\t\t\t\t\t\t<p>Voor een eerste kennismaking met paardrijden bieden wij priv\u00e9lessen aan. Dit zijn \u00e9\u00e9n-op-\u00e9en lessen van een half uur waarbij het paard, in eerste instantie, door de instructeur wordt vastgehouden aan een lange lijn, de longeerlijn. Op deze manier hoeft de ruiter nog niet zelf te sturen waardoor de ruiter goed kan wennen aan de bewegingen van het paard. Tijdens deze lessen wordt vooral gewerkt aan de balans door middel van verschillende \u2018gymnastiekoefeningen\u2019.<\/p><p>We gebruiken hiervoor natuurlijk onze meest betrouwbare paarden van stal. Verder worden ook de verschillende hulpen uitgelegd en wordt voor of na de les aandacht besteed aan verzorging, omgang en het op- en afzadelen. Deze lessen zijn ook heel geschikt voor wie het paardrijden na lange tijd weer wil oppakken. Aan de longelijn heb je het gevoel snel weer te pakken en kun je vaak na een paar van deze lessen met een goede voorbereiding de groepsles in.<\/p><p>De meeste mensen die beginnen met paardrijden hebben zo&#8217;n 10 tot 15 priv\u00e9lessen nodig om door te kunnen stromen naar de groepslessen. Dit gaat natuurlijk altijd in overleg.<\/p><p>Wij hanteren een maximaal gewicht van 90 kg voor de ruiters, dit in verband met het welzijn van onze paarden.<\/p>\t\t\t\t\t\t\t\t<\/div>\n\t\t\t\t<\/div>\n\t\t\t\t<\/div>\n\t\t<div class=\"elementor-element elementor-element-3b183fd e-con-full e-flex e-con e-child\" data-id=\"3b183fd\" data-element_type=\"container\" data-e-type=\"container\">\n\t\t\t\t<div class=\"elementor-element elementor-element-6808f5b elementor-widget elementor-widget-image\" data-id=\"6808f5b\" data-element_type=\"widget\" data-e-type=\"widget\" data-widget_type=\"image.default\">\n\t\t\t\t<div class=\"elementor-widget-container\">\n\t\t\t\t\t\t\t\t\t\t\t\t\t\t\t<img fetchpriority=\"high\" decoding=\"async\" width=\"800\" height=\"534\" src=\"https:\/\/fnrstemplates.nl\/chique-hippique\/wp-content\/uploads\/sites\/3\/2024\/10\/Volwassenles_2-1024x683.jpg\" class=\"attachment-large size-large wp-image-943\" alt=\"\" srcset=\"https:\/\/fnrstemplates.nl\/chique-hippique\/wp-content\/uploads\/sites\/3\/2024\/10\/Volwassenles_2-1024x683.jpg 1024w, https:\/\/fnrstemplates.nl\/chique-hippique\/wp-content\/uploads\/sites\/3\/2024\/10\/Volwassenles_2-300x200.jpg 300w, https:\/\/fnrstemplates.nl\/chique-hippique\/wp-content\/uploads\/sites\/3\/2024\/10\/Volwassenles_2-768x512.jpg 768w, https:\/\/fnrstemplates.nl\/chique-hippique\/wp-content\/uploads\/sites\/3\/2024\/10\/Volwassenles_2.jpg 1200w\" sizes=\"(max-width: 800px) 100vw, 800px\" \/>\t\t\t\t\t\t\t\t\t\t\t\t\t\t\t<\/div>\n\t\t\t\t<\/div>\n\t\t\t\t<\/div>\n\t\t\t\t<\/div>\n\t\t\t\t<div class=\"elementor-element elementor-element-eaafe83 elementor-widget elementor-widget-heading\" data-id=\"eaafe83\" data-element_type=\"widget\" data-e-type=\"widget\" data-widget_type=\"heading.default\">\n\t\t\t\t<div class=\"elementor-widget-container\">\n\t\t\t\t\t<h2 class=\"elementor-heading-title elementor-size-default\">Groepslessen voor volwassenen<\/h2>\t\t\t\t<\/div>\n\t\t\t\t<\/div>\n\t\t<div class=\"elementor-element elementor-element-280f915 e-con-full e-flex e-con e-child\" data-id=\"280f915\" data-element_type=\"container\" data-e-type=\"container\">\n\t\t<div class=\"elementor-element elementor-element-78fe213 e-con-full e-flex e-con e-child\" data-id=\"78fe213\" data-element_type=\"container\" data-e-type=\"container\">\n\t\t\t\t<div class=\"elementor-element elementor-element-76be8d6 elementor-widget elementor-widget-text-editor\" data-id=\"76be8d6\" data-element_type=\"widget\" data-e-type=\"widget\" data-widget_type=\"text-editor.default\">\n\t\t\t\t<div class=\"elementor-widget-container\">\n\t\t\t\t\t\t\t\t\t<p>Van maandag t\/m donderdag worden groepslessen voor volwassenen gegeven. We delen deze lessen in naar niveau en leeftijd, wat leidt tot een gezellige sfeer binnen de lesgroepen.<\/p><p>Poetsen en opzadelen doet iedereen zelf, vaak met de hulp van andere lesgenoten. De lessen worden gegeven door gediplomeerde instructeurs die afwisselend lesgeven in de verschillende disciplines van de paardensport.<\/p><p>Ook wordt tijdens de lessen extra aandacht besteed aan de diverse activiteiten die we organiseren, zoals FNRS-dressuurwedstrijden, het CBR of carrouselwedstrijden. In de zomer rijden we met de lesgroepen zo veel mogelijk in de buitenbak.<\/p>\t\t\t\t\t\t\t\t<\/div>\n\t\t\t\t<\/div>\n\t\t\t\t<\/div>\n\t\t<div class=\"elementor-element elementor-element-a4e6e1a e-con-full e-flex e-con e-child\" data-id=\"a4e6e1a\" data-element_type=\"container\" data-e-type=\"container\">\n\t\t\t\t<div class=\"elementor-element elementor-element-cca0115 elementor-widget elementor-widget-image\" data-id=\"cca0115\" data-element_type=\"widget\" data-e-type=\"widget\" data-widget_type=\"image.default\">\n\t\t\t\t<div class=\"elementor-widget-container\">\n\t\t\t\t\t\t\t\t\t\t\t\t\t\t\t<img decoding=\"async\" width=\"800\" height=\"534\" src=\"https:\/\/fnrstemplates.nl\/chique-hippique\/wp-content\/uploads\/sites\/3\/2024\/10\/Volwassenles_1-1024x683.jpg\" class=\"attachment-large size-large wp-image-944\" alt=\"\" srcset=\"https:\/\/fnrstemplates.nl\/chique-hippique\/wp-content\/uploads\/sites\/3\/2024\/10\/Volwassenles_1-1024x683.jpg 1024w, https:\/\/fnrstemplates.nl\/chique-hippique\/wp-content\/uploads\/sites\/3\/2024\/10\/Volwassenles_1-300x200.jpg 300w, https:\/\/fnrstemplates.nl\/chique-hippique\/wp-content\/uploads\/sites\/3\/2024\/10\/Volwassenles_1-768x512.jpg 768w, https:\/\/fnrstemplates.nl\/chique-hippique\/wp-content\/uploads\/sites\/3\/2024\/10\/Volwassenles_1.jpg 1200w\" sizes=\"(max-width: 800px) 100vw, 800px\" \/>\t\t\t\t\t\t\t\t\t\t\t\t\t\t\t<\/div>\n\t\t\t\t<\/div>\n\t\t\t\t<\/div>\n\t\t\t\t<\/div>\n\t\t\t\t<div class=\"elementor-element elementor-element-865879b elementor-align-left elementor-widget elementor-widget-button\" data-id=\"865879b\" data-element_type=\"widget\" data-e-type=\"widget\" data-widget_type=\"button.default\">\n\t\t\t\t<div class=\"elementor-widget-container\">\n\t\t\t\t\t\t\t\t\t<div class=\"elementor-button-wrapper\">\n\t\t\t\t\t<a class=\"elementor-button elementor-button-link elementor-size-sm\" href=\"https:\/\/fnrstemplates.nl\/chique-hippique\/contact\/\">\n\t\t\t\t\t\t<span class=\"elementor-button-content-wrapper\">\n\t\t\t\t\t\t\t\t\t<span class=\"elementor-button-text\">Neem contact op voor een afspraak! \u2192<\/span>\n\t\t\t\t\t<\/span>\n\t\t\t\t\t<\/a>\n\t\t\t\t<\/div>\n\t\t\t\t\t\t\t\t<\/div>\n\t\t\t\t<\/div>\n\t\t\t\t<\/div>\n\t\t\t\t\t<\/div>\n\t\t\t\t<\/div>\n\t\t\t\t<\/div>\n\t\t","protected":false},"excerpt":{"rendered":"<p>Volwassenlessen vanaf 15 jaar Home &gt; Manegelessen &gt; Volwassenlessen vanaf 15 jaar We weten dat je met 15 jaar nog niet volwassen bent, maar hier trekken wij de grens, omdat er dan vaak wordt overgegaan op het rijden op een paard. Neem contact op voor een afspraak! \u2192 Priv\u00e9lessen voor volwassenen &#8211; beginners Voor een [&hellip;]<\/p>\n","protected":false},"author":1,"featured_media":0,"parent":104,"menu_order":0,"comment_status":"closed","ping_status":"closed","template":"elementor_header_footer","meta":{"footnotes":""},"class_list":["post-537","page","type-page","status-publish","hentry"],"_links":{"self":[{"href":"https:\/\/fnrstemplates.nl\/chique-hippique\/wp-json\/wp\/v2\/pages\/537","targetHints":{"allow":["GET"]}}],"collection":[{"href":"https:\/\/fnrstemplates.nl\/chique-hippique\/wp-json\/wp\/v2\/pages"}],"about":[{"href":"https:\/\/fnrstemplates.nl\/chique-hippique\/wp-json\/wp\/v2\/types\/page"}],"author":[{"embeddable":true,"href":"https:\/\/fnrstemplates.nl\/chique-hippique\/wp-json\/wp\/v2\/users\/1"}],"replies":[{"embeddable":true,"href":"https:\/\/fnrstemplates.nl\/chique-hippique\/wp-json\/wp\/v2\/comments?post=537"}],"version-history":[{"count":25,"href":"https:\/\/fnrstemplates.nl\/chique-hippique\/wp-json\/wp\/v2\/pages\/537\/revisions"}],"predecessor-version":[{"id":1126,"href":"https:\/\/fnrstemplates.nl\/chique-hippique\/wp-json\/wp\/v2\/pages\/537\/revisions\/1126"}],"up":[{"embeddable":true,"href":"https:\/\/fnrstemplates.nl\/chique-hippique\/wp-json\/wp\/v2\/pages\/104"}],"wp:attachment":[{"href":"https:\/\/fnrstemplates.nl\/chique-hippique\/wp-json\/wp\/v2\/media?parent=537"}],"curies":[{"name":"wp","href":"https:\/\/api.w.org\/{rel}","templated":true}]}}